{"id":68,"date":"2025-04-27T16:55:35","date_gmt":"2025-04-27T19:55:35","guid":{"rendered":"https:\/\/lidermgsinalizacao.com.br\/?page_id=68"},"modified":"2025-05-01T22:08:35","modified_gmt":"2025-05-02T01:08:35","slug":"fale-conosco","status":"publish","type":"page","link":"https:\/\/lidermgsinalizacao.com.br\/index.php\/fale-conosco\/","title":{"rendered":"Fale conosco"},"content":{"rendered":"\n<p><\/p>\n\n\n\n<div class=\"fale-conosco-container\">\n\n  <!-- BLOCO COM MOLDURA E FUNDO CLARO -->\n  <div class=\"fale-bloco-contato\">\n    <div class=\"fale-conosco-texto-grid\">\n\n      <!-- Telefones -->\n      <div class=\"fale-coluna-esquerda\">\n        <p style=\"font-size: 18px; color: #333;\">Entre em contato com a <strong>L\u00edder MG Sinaliza\u00e7\u00e3o<\/strong>:<\/p>\n        <p><a href=\"tel:5531997260497\" class=\"telefone-link\">\ud83d\udcf1 (31) <strong>99726-0497<\/strong><\/a><\/p>\n        <p><a href=\"tel:5531995814402\" class=\"telefone-link\">\ud83d\udcf1 (31) <strong>99581-4402<\/strong><\/a><\/p>\n      <\/div>\n\n      <!-- WhatsApp e E-mail -->\n      <div class=\"fale-coluna-direita\">\n        <a href=\"https:\/\/wa.me\/5531997260497\" target=\"_blank\" class=\"botao-whatsapp-refinado\">\n          <span class=\"icone-wpp\"><\/span> Chamar no WhatsApp\n        <\/a>\n        <p style=\"margin-top: 20px;\">\n          \ud83d\udce7 <a href=\"mailto:contato@lidermgsinalizacao.com.br\">contato@lidermgsinalizacao.com.br<\/a>\n        <\/p>\n      <\/div>\n\n    <\/div>\n  <\/div>\n\n  <!-- Imagem -->\n  <div class=\"fale-conosco-imagem\">\n    <img decoding=\"async\" src=\"https:\/\/lidermgsinalizacao.com.br\/wp-content\/uploads\/2025\/04\/fale-conosco-do-site.png\" alt=\"Atendente L\u00edder MG\">\n  <\/div>\n<\/div>\n\n<!-- Formul\u00e1rio -->\n<div class=\"area-azul-formulario\">\n  <div style=\"max-width: 800px; margin: auto; text-align: center;\">\n    <h2>Ou envie sua mensagem pelo formul\u00e1rio abaixo:<\/h2>\n    <div class=\"wpcf7-form-wrapper\">\n      \n<div class=\"wpcf7 no-js\" id=\"wpcf7-f18-o1\" lang=\"pt-BR\" dir=\"ltr\" data-wpcf7-id=\"18\">\n<div class=\"screen-reader-response\"><p role=\"status\" aria-live=\"polite\" aria-atomic=\"true\"><\/p> <ul><\/ul><\/div>\n<form action=\"\/index.php\/wp-json\/wp\/v2\/pages\/68#wpcf7-f18-o1\" method=\"post\" class=\"wpcf7-form init\" aria-label=\"Formul\u00e1rios de contato\" novalidate=\"novalidate\" data-status=\"init\">\n<div style=\"display: none;\">\n<input type=\"hidden\" name=\"_wpcf7\" value=\"18\" \/>\n<input type=\"hidden\" name=\"_wpcf7_version\" value=\"6.0.6\" \/>\n<input type=\"hidden\" name=\"_wpcf7_locale\" value=\"pt_BR\" \/>\n<input type=\"hidden\" name=\"_wpcf7_unit_tag\" value=\"wpcf7-f18-o1\" \/>\n<input type=\"hidden\" name=\"_wpcf7_container_post\" value=\"0\" \/>\n<input type=\"hidden\" name=\"_wpcf7_posted_data_hash\" value=\"\" \/>\n<\/div>\n<p><label> Seu nome<br \/>\n<span class=\"wpcf7-form-control-wrap\" data-name=\"your-name\"><input size=\"40\" maxlength=\"400\" class=\"wpcf7-form-control wpcf7-text wpcf7-validates-as-required\" autocomplete=\"name\" aria-required=\"true\" aria-invalid=\"false\" value=\"\" type=\"text\" name=\"your-name\" \/><\/span><br \/>\n<\/label>\n<\/p>\n<p><label> Seu e-mail<br \/>\n<span class=\"wpcf7-form-control-wrap\" data-name=\"your-email\"><input size=\"40\" maxlength=\"400\" class=\"wpcf7-form-control wpcf7-email wpcf7-validates-as-required wpcf7-text wpcf7-validates-as-email\" autocomplete=\"email\" aria-required=\"true\" aria-invalid=\"false\" value=\"\" type=\"email\" name=\"your-email\" \/><\/span><br \/>\n<\/label>\n<\/p>\n<p><label> Assunto<br \/>\n<span class=\"wpcf7-form-control-wrap\" data-name=\"your-subject\"><input size=\"40\" maxlength=\"400\" class=\"wpcf7-form-control wpcf7-text wpcf7-validates-as-required\" aria-required=\"true\" aria-invalid=\"false\" value=\"\" type=\"text\" name=\"your-subject\" \/><\/span><br \/>\n<\/label>\n<\/p>\n<p><label> Sua mensagem<br \/>\n<span class=\"wpcf7-form-control-wrap\" data-name=\"your-message\"><textarea cols=\"40\" rows=\"4\" maxlength=\"2000\" class=\"wpcf7-form-control wpcf7-textarea\" aria-invalid=\"false\" name=\"your-message\"><\/textarea><\/span><br \/>\n<\/label>\n<\/p>\n<p><input class=\"wpcf7-form-control wpcf7-submit has-spinner\" type=\"submit\" value=\"Enviar\" \/>\n<\/p><div class=\"wpcf7-response-output\" aria-hidden=\"true\"><\/div>\n<\/form>\n<\/div>\n    <\/div>\n  <\/div>\n<\/div>\n\n\n\n<p><\/p>\n","protected":false},"excerpt":{"rendered":"","protected":false},"author":1,"featured_media":0,"parent":0,"menu_order":0,"comment_status":"closed","ping_status":"closed","template":"","meta":{"site-sidebar-layout":"default","site-content-layout":"","ast-site-content-layout":"","site-content-style":"default","site-sidebar-style":"default","ast-global-header-display":"","ast-banner-title-visibility":"","ast-main-header-display":"","ast-hfb-above-header-display":"","ast-hfb-below-header-display":"","ast-hfb-mobile-header-display":"","site-post-title":"","ast-breadcrumbs-content":"","ast-featured-img":"","footer-sml-layout":"","theme-transparent-header-meta":"","adv-header-id-meta":"","stick-header-meta":"","header-above-stick-meta":"","header-main-stick-meta":"","header-below-stick-meta":"","astra-migrate-meta-layouts":"default","ast-page-background-enabled":"default","ast-page-background-meta":{"desktop":{"background-color":"var(--ast-global-color-5)","background-image":"","background-repeat":"repeat","background-position":"center center","background-size":"auto","background-attachment":"scroll","background-type":"","background-media":"","overlay-type":"","overlay-color":"","overlay-opacity":"","overlay-gradient":""},"tablet":{"background-color":"","background-image":"","background-repeat":"repeat","background-position":"center center","background-size":"auto","background-attachment":"scroll","background-type":"","background-media":"","overlay-type":"","overlay-color":"","overlay-opacity":"","overlay-gradient":""},"mobile":{"background-color":"","background-image":"","background-repeat":"repeat","background-position":"center center","background-size":"auto","background-attachment":"scroll","background-type":"","background-media":"","overlay-type":"","overlay-color":"","overlay-opacity":"","overlay-gradient":""}},"ast-content-background-meta":{"desktop":{"background-color":"var(--ast-global-color-4)","background-image":"","background-repeat":"repeat","background-position":"center center","background-size":"auto","background-attachment":"scroll","background-type":"","background-media":"","overlay-type":"","overlay-color":"","overlay-opacity":"","overlay-gradient":""},"tablet":{"background-color":"var(--ast-global-color-4)","background-image":"","background-repeat":"repeat","background-position":"center center","background-size":"auto","background-attachment":"scroll","background-type":"","background-media":"","overlay-type":"","overlay-color":"","overlay-opacity":"","overlay-gradient":""},"mobile":{"background-color":"var(--ast-global-color-4)","background-image":"","background-repeat":"repeat","background-position":"center center","background-size":"auto","background-attachment":"scroll","background-type":"","background-media":"","overlay-type":"","overlay-color":"","overlay-opacity":"","overlay-gradient":""}},"footnotes":""},"class_list":["post-68","page","type-page","status-publish","hentry"],"_links":{"self":[{"href":"https:\/\/lidermgsinalizacao.com.br\/index.php\/wp-json\/wp\/v2\/pages\/68","targetHints":{"allow":["GET"]}}],"collection":[{"href":"https:\/\/lidermgsinalizacao.com.br\/index.php\/wp-json\/wp\/v2\/pages"}],"about":[{"href":"https:\/\/lidermgsinalizacao.com.br\/index.php\/wp-json\/wp\/v2\/types\/page"}],"author":[{"embeddable":true,"href":"https:\/\/lidermgsinalizacao.com.br\/index.php\/wp-json\/wp\/v2\/users\/1"}],"replies":[{"embeddable":true,"href":"https:\/\/lidermgsinalizacao.com.br\/index.php\/wp-json\/wp\/v2\/comments?post=68"}],"version-history":[{"count":24,"href":"https:\/\/lidermgsinalizacao.com.br\/index.php\/wp-json\/wp\/v2\/pages\/68\/revisions"}],"predecessor-version":[{"id":116,"href":"https:\/\/lidermgsinalizacao.com.br\/index.php\/wp-json\/wp\/v2\/pages\/68\/revisions\/116"}],"wp:attachment":[{"href":"https:\/\/lidermgsinalizacao.com.br\/index.php\/wp-json\/wp\/v2\/media?parent=68"}],"curies":[{"name":"wp","href":"https:\/\/api.w.org\/{rel}","templated":true}]}}